{"id":31527,"date":"2021-01-06T22:31:05","date_gmt":"2021-01-06T22:31:05","guid":{"rendered":"http:\/\/michaelhassanfoto.com\/?page_id=31527"},"modified":"2021-01-10T18:57:30","modified_gmt":"2021-01-10T18:57:30","slug":"faq","status":"publish","type":"page","link":"https:\/\/michaelhassanfoto.com\/de\/faq\/","title":{"rendered":"Faq"},"content":{"rendered":"<p>[et_pb_section fb_built=&#8221;1&#8243; custom_padding_last_edited=&#8221;on|desktop&#8221; admin_label=&#8221;Section&#8221; _builder_version=&#8221;3.22&#8243; background_color=&#8221;#ffffff&#8221; custom_padding=&#8221;5px|||||&#8221; custom_padding_tablet=&#8221;50px|0|50px|0&#8243; custom_padding_phone=&#8221;&#8221; custom_css_main_element=&#8221;border-top: 1px solid #D7DCE1;&#8221; transparent_background=&#8221;off&#8221; padding_mobile=&#8221;off&#8221; make_fullwidth=&#8221;off&#8221; use_custom_width=&#8221;off&#8221; width_unit=&#8221;on&#8221; locked=&#8221;off&#8221;][et_pb_row padding_mobile=&#8221;on&#8221; column_padding_mobile=&#8221;on&#8221; custom_padding_last_edited=&#8221;on|tablet&#8221; admin_label=&#8221;row&#8221; _builder_version=&#8221;3.25&#8243; background_size=&#8221;initial&#8221; background_position=&#8221;top_left&#8221; background_repeat=&#8221;repeat&#8221; custom_padding=&#8221;70px|||&#8221; custom_padding_tablet=&#8221;73px|||&#8221; custom_padding_phone=&#8221;&#8221; make_fullwidth=&#8221;off&#8221; use_custom_width=&#8221;off&#8221; width_unit=&#8221;on&#8221;][et_pb_column type=&#8221;4_4&#8243; _builder_version=&#8221;3.25&#8243; custom_padding=&#8221;|||&#8221; custom_padding__hover=&#8221;|||&#8221;][et_pb_text admin_label=&#8221;Text&#8221; _builder_version=&#8221;4.7.7&#8243; text_font=&#8221;Poppins|600|||||||&#8221; text_text_color=&#8221;#323b40&#8243; text_font_size=&#8221;48&#8243; text_letter_spacing=&#8221;1px&#8221; background_size=&#8221;initial&#8221; background_position=&#8221;top_left&#8221; background_repeat=&#8221;repeat&#8221; text_orientation=&#8221;center&#8221; module_alignment=&#8221;center&#8221; custom_margin=&#8221;||0px|&#8221; custom_padding=&#8221;||0px|&#8221; use_border_color=&#8221;off&#8221; border_color=&#8221;#ffffff&#8221; border_style=&#8221;solid&#8221;]<\/p>\n<p>Hilfe & FAQs<\/p>\n<p>[\/et_pb_text][et_pb_text admin_label=&#8221;Text&#8221; _builder_version=&#8221;4.7.7&#8243; text_font=&#8221;Poppins|300|||||||&#8221; text_text_color=&#8221;#5b666d&#8221; text_font_size=&#8221;36&#8243; text_line_height=&#8221;1.2em&#8221; background_size=&#8221;initial&#8221; background_position=&#8221;top_left&#8221; background_repeat=&#8221;repeat&#8221; text_orientation=&#8221;center&#8221; module_alignment=&#8221;center&#8221; custom_margin=&#8221;29px|||&#8221; use_border_color=&#8221;off&#8221; border_color=&#8221;#ffffff&#8221; border_style=&#8221;solid&#8221;]<\/p>\n<p class=\"p1\"><span class=\"s1\">Ich beantworte Deine Fragen.<\/span><\/p>\n<p>[\/et_pb_text][\/et_pb_column][\/et_pb_row][et_pb_row padding_mobile=&#8221;on&#8221; column_padding_mobile=&#8221;on&#8221; admin_label=&#8221;Row&#8221; _builder_version=&#8221;3.25&#8243; background_size=&#8221;initial&#8221; background_position=&#8221;top_left&#8221; background_repeat=&#8221;repeat&#8221; custom_padding=&#8221;50px||80px|&#8221; make_fullwidth=&#8221;off&#8221; use_custom_width=&#8221;off&#8221; width_unit=&#8221;on&#8221;][et_pb_column type=&#8221;4_4&#8243; _builder_version=&#8221;3.25&#8243; custom_padding=&#8221;|||&#8221; custom_padding__hover=&#8221;|||&#8221;][et_pb_toggle title=&#8221;How can I book a photosession&#8221; open_toggle_background_color=&#8221;#f7f8fa&#8221; closed_toggle_text_color=&#8221;#323b40&#8243; closed_toggle_background_color=&#8221;#ffffff&#8221; icon_color=&#8221;#323b40&#8243; admin_label=&#8221;Toggle&#8221; _builder_version=&#8221;4.7.7&#8243; title_text_color=&#8221;#323b40&#8243; title_font=&#8221;Poppins|300||on|||||&#8221; title_font_size=&#8221;20&#8243; body_font=&#8221;Poppins|300|||||||&#8221; body_text_color=&#8221;#5b666d&#8221; body_font_size=&#8221;16px&#8221; body_line_height=&#8221;1.3em&#8221; background_color=&#8221;#ffffff&#8221; background_size=&#8221;initial&#8221; background_position=&#8221;top_left&#8221; background_repeat=&#8221;repeat&#8221; custom_padding=&#8221;19px|19px|19px|19px&#8221; custom_css_toggle_title=&#8221; font-weight: 600;||&#8221; border_width_all=&#8221;1px&#8221; border_color_all=&#8221;#e3e5e6&#8243; border_style_all=&#8221;solid&#8221; use_border_color=&#8221;on&#8221; border_color=&#8221;#e3e5e6&#8243; border_style=&#8221;solid&#8221;]<\/p>\n<p>Sie m\u00fcssen nur auf die Schaltfl\u00e4che \"Jetzt buchen\" unter Ihrem Lieblingsservice klicken. In den n\u00e4chsten 24 Stunden werde ich mich bei Ihnen melden, um Ihre Fotosession zu best\u00e4tigen. <a href=\"https:\/\/michaelhassanfoto.com\/de\/booking-photosession-basic\/\">&#8220;Book now &#8220;<\/a>under your favorite service. In the next 24h I will get back to you to confirm your photosession.<\/p>\n<p>[\/et_pb_toggle][et_pb_toggle title=&#8221;WHERE IS THE LOCATION OF THE PHOTO?&#8221; open_toggle_background_color=&#8221;#f7f8fa&#8221; closed_toggle_text_color=&#8221;#323b40&#8243; closed_toggle_background_color=&#8221;#ffffff&#8221; icon_color=&#8221;#323b40&#8243; admin_label=&#8221;Toggle&#8221; _builder_version=&#8221;4.7.7&#8243; title_text_color=&#8221;#323b40&#8243; title_font=&#8221;Poppins|300|||||||&#8221; title_font_size=&#8221;20&#8243; body_font=&#8221;Poppins|300|||||||&#8221; body_text_color=&#8221;#5b666d&#8221; body_font_size=&#8221;16px&#8221; body_line_height=&#8221;1.3em&#8221; background_color=&#8221;#ffffff&#8221; background_size=&#8221;initial&#8221; background_position=&#8221;top_left&#8221; background_repeat=&#8221;repeat&#8221; custom_padding=&#8221;19px|19px|19px|19px&#8221; custom_css_toggle_title=&#8221; font-weight: 600;||&#8221; border_width_all=&#8221;1px&#8221; border_color_all=&#8221;#e3e5e6&#8243; border_style_all=&#8221;solid&#8221; use_border_color=&#8221;on&#8221; border_color=&#8221;#e3e5e6&#8243; border_style=&#8221;solid&#8221;]<\/p>\n<p>Die Kosten f\u00fcr das Einzelbild betragen 9 \u20ac.<\/p>\n<p>[\/et_pb_toggle][et_pb_toggle title=&#8221;DO YOU MAKE PHOTOS IN STUDIO?&#8221; open_toggle_background_color=&#8221;#f7f8fa&#8221; closed_toggle_text_color=&#8221;#323b40&#8243; closed_toggle_background_color=&#8221;#ffffff&#8221; icon_color=&#8221;#323b40&#8243; admin_label=&#8221;Toggle&#8221; _builder_version=&#8221;4.7.7&#8243; title_text_color=&#8221;#323b40&#8243; title_font=&#8221;Poppins|300|||||||&#8221; title_font_size=&#8221;20&#8243; body_font=&#8221;Poppins|300|||||||&#8221; body_text_color=&#8221;#5b666d&#8221; body_font_size=&#8221;16px&#8221; body_line_height=&#8221;1.3em&#8221; background_color=&#8221;#ffffff&#8221; background_size=&#8221;initial&#8221; background_position=&#8221;top_left&#8221; background_repeat=&#8221;repeat&#8221; custom_padding=&#8221;19px|19px|19px|19px&#8221; custom_css_toggle_title=&#8221; font-weight: 600;||&#8221; border_width_all=&#8221;1px&#8221; border_color_all=&#8221;#e3e5e6&#8243; border_style_all=&#8221;solid&#8221; use_border_color=&#8221;on&#8221; border_color=&#8221;#e3e5e6&#8243; border_style=&#8221;solid&#8221;]<\/p>\n<p>Ja, ich habe ein Studio, in dem ich Innenaufnahmen machen kann. Im Studio kann ich maximal 4 Personen gleichzeitig fotografieren.<\/p>\n<p>[\/et_pb_toggle][et_pb_toggle title=&#8221;DO YOU MAKE PHOTOS IN ALL GERMANY&#8221; open_toggle_background_color=&#8221;#f7f8fa&#8221; closed_toggle_text_color=&#8221;#323b40&#8243; closed_toggle_background_color=&#8221;#ffffff&#8221; icon_color=&#8221;#323b40&#8243; admin_label=&#8221;Toggle&#8221; _builder_version=&#8221;4.7.7&#8243; title_text_color=&#8221;#323b40&#8243; title_font=&#8221;Poppins|300|||||||&#8221; title_font_size=&#8221;20&#8243; body_font=&#8221;Poppins|300|||||||&#8221; body_text_color=&#8221;#5b666d&#8221; body_font_size=&#8221;16px&#8221; body_line_height=&#8221;1.3em&#8221; background_color=&#8221;#ffffff&#8221; background_size=&#8221;initial&#8221; background_position=&#8221;top_left&#8221; background_repeat=&#8221;repeat&#8221; custom_padding=&#8221;19px|19px|19px|19px&#8221; custom_css_toggle_title=&#8221; font-weight: 600;||&#8221; border_width_all=&#8221;1px&#8221; border_color_all=&#8221;#e3e5e6&#8243; border_style_all=&#8221;solid&#8221; use_border_color=&#8221;on&#8221; border_color=&#8221;#e3e5e6&#8243; border_style=&#8221;solid&#8221;]<\/p>\n<p>Ja, ich bin zurzeit als internationaler Fotograf in K\u00f6ln t\u00e4tig. Wenn die Fotosession au\u00dferhalb von K\u00f6ln stattfindet, muss ich die Reisekosten berechnen.<\/p>\n<p>[\/et_pb_toggle][et_pb_toggle title=&#8221;What happen after the shooting ?&#8221; open_toggle_background_color=&#8221;#f7f8fa&#8221; closed_toggle_text_color=&#8221;#323b40&#8243; closed_toggle_background_color=&#8221;#ffffff&#8221; icon_color=&#8221;#323b40&#8243; admin_label=&#8221;Toggle&#8221; _builder_version=&#8221;4.7.7&#8243; title_text_color=&#8221;#323b40&#8243; title_font=&#8221;Poppins|300||on|||||&#8221; title_font_size=&#8221;20&#8243; body_font=&#8221;Poppins|300|||||||&#8221; body_text_color=&#8221;#5b666d&#8221; body_font_size=&#8221;16px&#8221; body_line_height=&#8221;1.3em&#8221; background_color=&#8221;#ffffff&#8221; background_size=&#8221;initial&#8221; background_position=&#8221;top_left&#8221; background_repeat=&#8221;repeat&#8221; custom_padding=&#8221;19px|19px|19px|19px&#8221; custom_css_toggle_title=&#8221; font-weight: 600;||&#8221; border_width_all=&#8221;1px&#8221; border_color_all=&#8221;#e3e5e6&#8243; border_style_all=&#8221;solid&#8221; use_border_color=&#8221;on&#8221; border_color=&#8221;#e3e5e6&#8243; border_style=&#8221;solid&#8221;]<\/p>\n<p>Ich werde Ihnen einen Link senden, \u00fcber den Sie alle von mir aufgenommenen Bilder sehen und ausw\u00e4hlen k\u00f6nnen. Im selben Link finden Sie einen weiteren Ordner mit Ihren Auswahlbildern. Sie m\u00fcssen Ihre Favoriten ausw\u00e4hlen und in den Ordner \"Pictures Select\u201c legen. In den n\u00e4chsten 24 bis 48 Stunden werde ich die endg\u00fcltige Fotoauswahl in einem anderen Ordner mit dem Namen \"Your Fotoshooting\" hochladen und Ihnen eine Nachricht per Telefon oder E-Mail senden. Sie k\u00f6nnen sie in hoher Aufl\u00f6sung auf Ihr Telefon oder Ihren Computer herunterladen.<\/p>\n<p>[\/et_pb_toggle][et_pb_toggle title=&#8221;How long I have to wait for get my pictures?&#8221; open_toggle_background_color=&#8221;#f7f8fa&#8221; closed_toggle_text_color=&#8221;#323b40&#8243; closed_toggle_background_color=&#8221;#ffffff&#8221; icon_color=&#8221;#323b40&#8243; admin_label=&#8221;Toggle&#8221; _builder_version=&#8221;4.7.7&#8243; title_text_color=&#8221;#323b40&#8243; title_font=&#8221;Poppins|300||on|||||&#8221; title_font_size=&#8221;20&#8243; body_font=&#8221;Poppins|300|||||||&#8221; body_text_color=&#8221;#5b666d&#8221; body_font_size=&#8221;16px&#8221; body_line_height=&#8221;1.3em&#8221; background_color=&#8221;#ffffff&#8221; background_size=&#8221;initial&#8221; background_position=&#8221;top_left&#8221; background_repeat=&#8221;repeat&#8221; custom_padding=&#8221;19px|19px|19px|19px&#8221; custom_css_toggle_title=&#8221; font-weight: 600;||&#8221; border_width_all=&#8221;1px&#8221; border_color_all=&#8221;#e3e5e6&#8243; border_style_all=&#8221;solid&#8221; use_border_color=&#8221;on&#8221; border_color=&#8221;#e3e5e6&#8243; border_style=&#8221;solid&#8221;]<\/p>\n<p>Am selben Tag des Fotoshooting werde ich Ihnen alle Bilder schicken. In der Regel 1 bis 2 Werktage kann ich Ihnen die endg\u00fcltigen Bilder senden.\u00a0<\/p>\n<p>[\/et_pb_toggle][et_pb_toggle title=&#8221;When I have to pay ? &#8221; open_toggle_background_color=&#8221;#f7f8fa&#8221; closed_toggle_text_color=&#8221;#323b40&#8243; closed_toggle_background_color=&#8221;#ffffff&#8221; icon_color=&#8221;#323b40&#8243; admin_label=&#8221;Toggle&#8221; _builder_version=&#8221;4.7.7&#8243; title_text_color=&#8221;#323b40&#8243; title_font=&#8221;Poppins|300||on|||||&#8221; title_font_size=&#8221;20&#8243; body_font=&#8221;Poppins|300|||||||&#8221; body_text_color=&#8221;#5b666d&#8221; body_font_size=&#8221;16px&#8221; body_line_height=&#8221;1.3em&#8221; background_color=&#8221;#ffffff&#8221; background_size=&#8221;initial&#8221; background_position=&#8221;top_left&#8221; background_repeat=&#8221;repeat&#8221; custom_padding=&#8221;19px|19px|19px|19px&#8221; custom_css_toggle_title=&#8221; font-weight: 600;||&#8221; border_width_all=&#8221;1px&#8221; border_color_all=&#8221;#e3e5e6&#8243; border_style_all=&#8221;solid&#8221; use_border_color=&#8221;on&#8221; border_color=&#8221;#e3e5e6&#8243; border_style=&#8221;solid&#8221;]<\/p>\n<p>Vor dem Fotoshooting k\u00f6nnen Sie die H\u00e4lfte des Betrags bezahlen. Wenn ich Ihnen alle Bilder ohne Bearbeitung sende, leisten Sie die Restzahlung.<\/p>\n<p>[\/et_pb_toggle][et_pb_toggle title=&#8221;WHAT FORM OF PAYMENT DO YOU ACCEPT?&#8221; open_toggle_background_color=&#8221;#f7f8fa&#8221; closed_toggle_text_color=&#8221;#323b40&#8243; closed_toggle_background_color=&#8221;#ffffff&#8221; icon_color=&#8221;#323b40&#8243; admin_label=&#8221;Toggle&#8221; _builder_version=&#8221;4.7.7&#8243; title_text_color=&#8221;#323b40&#8243; title_font=&#8221;Poppins|300|||||||&#8221; title_font_size=&#8221;20&#8243; body_font=&#8221;Poppins|300|||||||&#8221; body_text_color=&#8221;#5b666d&#8221; body_font_size=&#8221;16px&#8221; body_line_height=&#8221;1.3em&#8221; background_color=&#8221;#ffffff&#8221; background_size=&#8221;initial&#8221; background_position=&#8221;top_left&#8221; background_repeat=&#8221;repeat&#8221; custom_padding=&#8221;19px|19px|19px|19px&#8221; custom_css_toggle_title=&#8221; font-weight: 600;||&#8221; border_width_all=&#8221;1px&#8221; border_color_all=&#8221;#e3e5e6&#8243; border_style_all=&#8221;solid&#8221; use_border_color=&#8221;on&#8221; border_color=&#8221;#e3e5e6&#8243; border_style=&#8221;solid&#8221;]<\/p>\n<p>Sie k\u00f6nnen mit Paypal oder Bargeld bezahlen.\u00a0<\/p>\n<p>[\/et_pb_toggle][et_pb_toggle title=&#8221;Can I select more pictures out of the package?&#8221; open_toggle_background_color=&#8221;#f7f8fa&#8221; closed_toggle_text_color=&#8221;#323b40&#8243; closed_toggle_background_color=&#8221;#ffffff&#8221; icon_color=&#8221;#323b40&#8243; admin_label=&#8221;Toggle&#8221; _builder_version=&#8221;4.7.7&#8243; title_text_color=&#8221;#323b40&#8243; title_font=&#8221;Poppins|300||on|||||&#8221; title_font_size=&#8221;20&#8243; body_font=&#8221;Poppins|300|||||||&#8221; body_text_color=&#8221;#5b666d&#8221; body_font_size=&#8221;16px&#8221; body_line_height=&#8221;1.3em&#8221; background_color=&#8221;#ffffff&#8221; background_size=&#8221;initial&#8221; background_position=&#8221;top_left&#8221; background_repeat=&#8221;repeat&#8221; custom_padding=&#8221;19px|19px|19px|19px&#8221; custom_css_toggle_title=&#8221; font-weight: 600;||&#8221; border_width_all=&#8221;1px&#8221; border_color_all=&#8221;#e3e5e6&#8243; border_style_all=&#8221;solid&#8221; use_border_color=&#8221;on&#8221; border_color=&#8221;#e3e5e6&#8243; border_style=&#8221;solid&#8221;]<\/p>\n<p>Ja, die Kosten f\u00fcr das Einzelbild betragen 9 \u20ac. Wenn Sie Beispiel 14 Picutres m\u00f6gen und vor dem Basispaket ausgew\u00e4hlt haben, zahlen Sie 18 \u20ac mehr. Aber wenn Sie Beispiel 24 Bilder anstelle von 12 m\u00f6gen, werde ich Ihre Fotosession als Standard betrachten.\u00a0<\/p>\n<p>[\/et_pb_toggle][et_pb_toggle title=&#8221;WHAT HAPPEN IF I LOSE MY PHOTOS?&#8221; open_toggle_background_color=&#8221;#f7f8fa&#8221; closed_toggle_text_color=&#8221;#323b40&#8243; closed_toggle_background_color=&#8221;#ffffff&#8221; icon_color=&#8221;#323b40&#8243; admin_label=&#8221;Toggle&#8221; _builder_version=&#8221;4.7.7&#8243; title_text_color=&#8221;#323b40&#8243; title_font=&#8221;Poppins|300|||||||&#8221; title_font_size=&#8221;20&#8243; body_font=&#8221;Poppins|300|||||||&#8221; body_text_color=&#8221;#5b666d&#8221; body_font_size=&#8221;16px&#8221; body_line_height=&#8221;1.3em&#8221; background_color=&#8221;#ffffff&#8221; background_size=&#8221;initial&#8221; background_position=&#8221;top_left&#8221; background_repeat=&#8221;repeat&#8221; custom_padding=&#8221;19px|19px|19px|19px&#8221; custom_css_toggle_title=&#8221; font-weight: 600;||&#8221; border_width_all=&#8221;1px&#8221; border_color_all=&#8221;#e3e5e6&#8243; border_style_all=&#8221;solid&#8221; use_border_color=&#8221;on&#8221; border_color=&#8221;#e3e5e6&#8243; border_style=&#8221;solid&#8221;]<\/p>\n<p>Sie m\u00fcssen sich keine Sorgen machen! Nehmen Sie in den Dienst auf, Sie haben immer eine Sicherungskopie Ihrer Bilder. Grundlegende 1-Monat-Backup, Standard 1-Jahr-Backup, Premium Backup auf Lebenszeit.<\/p>\n<p>[\/et_pb_toggle][et_pb_toggle title=&#8221;DO YOU USE MY PHOTOS FOR PUBBLICITY?&#8221; open_toggle_background_color=&#8221;#f7f8fa&#8221; closed_toggle_text_color=&#8221;#323b40&#8243; closed_toggle_background_color=&#8221;#ffffff&#8221; icon_color=&#8221;#323b40&#8243; admin_label=&#8221;Toggle&#8221; _builder_version=&#8221;4.7.7&#8243; title_text_color=&#8221;#323b40&#8243; title_font=&#8221;Poppins|300|||||||&#8221; title_font_size=&#8221;20&#8243; body_font=&#8221;Poppins|300|||||||&#8221; body_text_color=&#8221;#5b666d&#8221; body_font_size=&#8221;16px&#8221; body_line_height=&#8221;1.3em&#8221; background_color=&#8221;#ffffff&#8221; background_size=&#8221;initial&#8221; background_position=&#8221;top_left&#8221; background_repeat=&#8221;repeat&#8221; custom_padding=&#8221;19px|19px|19px|19px&#8221; custom_css_toggle_title=&#8221; font-weight: 600;||&#8221; border_width_all=&#8221;1px&#8221; border_color_all=&#8221;#e3e5e6&#8243; border_style_all=&#8221;solid&#8221; use_border_color=&#8221;on&#8221; border_color=&#8221;#e3e5e6&#8243; border_style=&#8221;solid&#8221;]<\/p>\n<p>Nein. Rechtlich ist es nicht legal, private Bilder f\u00fcr kommerzielle Zwecke ohne offizielle Genehmigung zu ver\u00f6ffentlichen. Falls ich einige Bilder verwenden m\u00f6chte, hole ich mir Ihr Einverst\u00e4ndnis Vorher ein.<\/p>\n<p>[\/et_pb_toggle][\/et_pb_column][\/et_pb_row][\/et_pb_section]<\/p>","protected":false},"excerpt":{"rendered":"<p>[et_pb_section fb_built=&#8221;1&#8243; custom_padding_last_edited=&#8221;on|desktop&#8221; admin_label=&#8221;Section&#8221; _builder_version=&#8221;3.22&#8243; background_color=&#8221;#ffffff&#8221; custom_padding=&#8221;5px|||||&#8221; custom_padding_tablet=&#8221;50px|0|50px|0&#8243; custom_padding_phone=&#8221;&#8221; custom_css_main_element=&#8221;border-top: 1px solid #D7DCE1;&#8221; transparent_background=&#8221;off&#8221; padding_mobile=&#8221;off&#8221; make_fullwidth=&#8221;off&#8221; use_custom_width=&#8221;off&#8221; width_unit=&#8221;on&#8221; locked=&#8221;off&#8221;][et_pb_row padding_mobile=&#8221;on&#8221; column_padding_mobile=&#8221;on&#8221; custom_padding_last_edited=&#8221;on|tablet&#8221; admin_label=&#8221;row&#8221; _builder_version=&#8221;3.25&#8243; background_size=&#8221;initial&#8221; background_position=&#8221;top_left&#8221; background_repeat=&#8221;repeat&#8221; custom_padding=&#8221;70px|||&#8221; custom_padding_tablet=&#8221;73px|||&#8221; custom_padding_phone=&#8221;&#8221; make_fullwidth=&#8221;off&#8221; use_custom_width=&#8221;off&#8221; width_unit=&#8221;on&#8221;][et_pb_column type=&#8221;4_4&#8243; _builder_version=&#8221;3.25&#8243; custom_padding=&#8221;|||&#8221; custom_padding__hover=&#8221;|||&#8221;][et_pb_text admin_label=&#8221;Text&#8221; _builder_version=&#8221;4.7.7&#8243; text_font=&#8221;Poppins|600|||||||&#8221; text_text_color=&#8221;#323b40&#8243; text_font_size=&#8221;48&#8243; text_letter_spacing=&#8221;1px&#8221; background_size=&#8221;initial&#8221; background_position=&#8221;top_left&#8221; background_repeat=&#8221;repeat&#8221; text_orientation=&#8221;center&#8221; module_alignment=&#8221;center&#8221; custom_margin=&#8221;||0px|&#8221; custom_padding=&#8221;||0px|&#8221; use_border_color=&#8221;off&#8221; border_color=&#8221;#ffffff&#8221; border_style=&#8221;solid&#8221;] FAQs [\/et_pb_text][et_pb_text [&hellip;]<\/p>","protected":false},"author":1,"featured_media":0,"parent":0,"menu_order":0,"comment_status":"closed","ping_status":"closed","template":"","meta":{"_et_pb_use_builder":"on","_et_pb_old_content":"","_et_gb_content_width":""},"yoast_head":"<!-- This site is optimized with the Yoast SEO plugin v15.6.2 - https:\/\/yoast.com\/wordpress\/plugins\/seo\/ -->\n<title>Faq &laquo; michaelhassanfoto<\/title>\n<meta name=\"robots\" content=\"index, follow, max-snippet:-1, max-image-preview:large, max-video-preview:-1\" \/>\n<link rel=\"canonical\" href=\"https:\/\/michaelhassanfoto.com\/de\/faq\/\" \/>\n<meta property=\"og:locale\" content=\"de_DE\" \/>\n<meta property=\"og:type\" content=\"article\" \/>\n<meta property=\"og:title\" content=\"Faq &laquo; michaelhassanfoto\" \/>\n<meta property=\"og:description\" content=\"[et_pb_section fb_built=&#8221;1&#8243; custom_padding_last_edited=&#8221;on|desktop&#8221; admin_label=&#8221;Section&#8221; _builder_version=&#8221;3.22&#8243; background_color=&#8221;#ffffff&#8221; custom_padding=&#8221;5px|||||&#8221; custom_padding_tablet=&#8221;50px|0|50px|0&#8243; custom_padding_phone=&#8221;&#8221; custom_css_main_element=&#8221;border-top: 1px solid #D7DCE1;&#8221; transparent_background=&#8221;off&#8221; padding_mobile=&#8221;off&#8221; make_fullwidth=&#8221;off&#8221; use_custom_width=&#8221;off&#8221; width_unit=&#8221;on&#8221; locked=&#8221;off&#8221;][et_pb_row padding_mobile=&#8221;on&#8221; column_padding_mobile=&#8221;on&#8221; custom_padding_last_edited=&#8221;on|tablet&#8221; admin_label=&#8221;row&#8221; _builder_version=&#8221;3.25&#8243; background_size=&#8221;initial&#8221; background_position=&#8221;top_left&#8221; background_repeat=&#8221;repeat&#8221; custom_padding=&#8221;70px|||&#8221; custom_padding_tablet=&#8221;73px|||&#8221; custom_padding_phone=&#8221;&#8221; make_fullwidth=&#8221;off&#8221; use_custom_width=&#8221;off&#8221; width_unit=&#8221;on&#8221;][et_pb_column type=&#8221;4_4&#8243; _builder_version=&#8221;3.25&#8243; custom_padding=&#8221;|||&#8221; custom_padding__hover=&#8221;|||&#8221;][et_pb_text admin_label=&#8221;Text&#8221; _builder_version=&#8221;4.7.7&#8243; text_font=&#8221;Poppins|600|||||||&#8221; text_text_color=&#8221;#323b40&#8243; text_font_size=&#8221;48&#8243; text_letter_spacing=&#8221;1px&#8221; background_size=&#8221;initial&#8221; background_position=&#8221;top_left&#8221; background_repeat=&#8221;repeat&#8221; text_orientation=&#8221;center&#8221; module_alignment=&#8221;center&#8221; custom_margin=&#8221;||0px|&#8221; custom_padding=&#8221;||0px|&#8221; use_border_color=&#8221;off&#8221; border_color=&#8221;#ffffff&#8221; border_style=&#8221;solid&#8221;] FAQs [\/et_pb_text][et_pb_text [&hellip;]\" \/>\n<meta property=\"og:url\" content=\"https:\/\/michaelhassanfoto.com\/de\/faq\/\" \/>\n<meta property=\"og:site_name\" content=\"michaelhassanfoto\" \/>\n<meta property=\"article:publisher\" content=\"https:\/\/www.facebook.com\/bookingfoto\/?view_public_for=850742701630937\" \/>\n<meta property=\"article:modified_time\" content=\"2021-01-10T18:57:30+00:00\" \/>\n<meta property=\"og:image\" content=\"https:\/\/michaelhassanfoto.com\/wp-content\/uploads\/2021\/01\/Fotograf-10.jpg\" \/>\n\t<meta property=\"og:image:width\" content=\"1024\" \/>\n\t<meta property=\"og:image:height\" content=\"683\" \/>\n<meta name=\"twitter:card\" content=\"summary_large_image\" \/>\n<meta name=\"twitter:label1\" content=\"Gesch\u00e4tzte Lesezeit\">\n\t<meta name=\"twitter:data1\" content=\"10 minutes\">\n<script type=\"application\/ld+json\" class=\"yoast-schema-graph\">{\"@context\":\"https:\/\/schema.org\",\"@graph\":[{\"@type\":\"Organization\",\"@id\":\"https:\/\/michaelhassanfoto.com\/#organization\",\"name\":\"Michael Hassan\",\"url\":\"https:\/\/michaelhassanfoto.com\/\",\"sameAs\":[\"https:\/\/www.facebook.com\/bookingfoto\/?view_public_for=850742701630937\",\"https:\/\/www.instagram.com\/michael_hassan_photography\/?hl=it\"],\"logo\":{\"@type\":\"ImageObject\",\"@id\":\"https:\/\/michaelhassanfoto.com\/#logo\",\"inLanguage\":\"de-DE-formal\",\"url\":\"https:\/\/michaelhassanfoto.com\/wp-content\/uploads\/2021\/01\/Fotograf-10.jpg\",\"width\":1024,\"height\":683,\"caption\":\"Michael Hassan\"},\"image\":{\"@id\":\"https:\/\/michaelhassanfoto.com\/#logo\"}},{\"@type\":\"WebSite\",\"@id\":\"https:\/\/michaelhassanfoto.com\/#website\",\"url\":\"https:\/\/michaelhassanfoto.com\/\",\"name\":\"Kreativer Fotograf\",\"description\":\"Professional Photographer\",\"publisher\":{\"@id\":\"https:\/\/michaelhassanfoto.com\/#organization\"},\"potentialAction\":[{\"@type\":\"SearchAction\",\"target\":\"https:\/\/michaelhassanfoto.com\/?s={search_term_string}\",\"query-input\":\"required name=search_term_string\"}],\"inLanguage\":\"de-DE-formal\"},{\"@type\":\"WebPage\",\"@id\":\"https:\/\/michaelhassanfoto.com\/de\/faq\/#webpage\",\"url\":\"https:\/\/michaelhassanfoto.com\/de\/faq\/\",\"name\":\"Faq &laquo; michaelhassanfoto\",\"isPartOf\":{\"@id\":\"https:\/\/michaelhassanfoto.com\/#website\"},\"datePublished\":\"2021-01-06T22:31:05+00:00\",\"dateModified\":\"2021-01-10T18:57:30+00:00\",\"inLanguage\":\"de-DE-formal\",\"potentialAction\":[{\"@type\":\"ReadAction\",\"target\":[\"https:\/\/michaelhassanfoto.com\/de\/faq\/\"]}]}]}<\/script>\n<!-- \/ Yoast SEO plugin. -->","_links":{"self":[{"href":"https:\/\/michaelhassanfoto.com\/de\/wp-json\/wp\/v2\/pages\/31527"}],"collection":[{"href":"https:\/\/michaelhassanfoto.com\/de\/wp-json\/wp\/v2\/pages"}],"about":[{"href":"https:\/\/michaelhassanfoto.com\/de\/wp-json\/wp\/v2\/types\/page"}],"author":[{"embeddable":true,"href":"https:\/\/michaelhassanfoto.com\/de\/wp-json\/wp\/v2\/users\/1"}],"replies":[{"embeddable":true,"href":"https:\/\/michaelhassanfoto.com\/de\/wp-json\/wp\/v2\/comments?post=31527"}],"version-history":[{"count":0,"href":"https:\/\/michaelhassanfoto.com\/de\/wp-json\/wp\/v2\/pages\/31527\/revisions"}],"wp:attachment":[{"href":"https:\/\/michaelhassanfoto.com\/de\/wp-json\/wp\/v2\/media?parent=31527"}],"curies":[{"name":"wp","href":"https:\/\/api.w.org\/{rel}","templated":true}]}}